{"id":2,"date":"2025-09-12T11:50:13","date_gmt":"2025-09-12T11:50:13","guid":{"rendered":"http:\/\/skadbadz.eu\/?page_id=2"},"modified":"2025-09-18T17:37:46","modified_gmt":"2025-09-18T17:37:46","slug":"sample-page","status":"publish","type":"page","link":"https:\/\/skadbadz.eu\/","title":{"rendered":"Sk\u0105d B\u0105d\u017a!"},"content":{"rendered":"\n<p>17 wrze\u015bnia 2025<\/p>\n\n\n\n<blockquote class=\"wp-block-quote is-layout-flow wp-block-quote-is-layout-flow\">\n<p>Mamy op\u0142acone wszystkie 30 par! Odbi\u00f3r pakiet\u00f3w startowych w Osadzie Le\u015bnej Trzy D\u0119by w pi\u0105tek 26 wrze\u015bnia 16:00 &#8211; 20:00. Namiary na Trzy D\u0119by znajdziecie na stronie <a href=\"https:\/\/trzydeby.eu\/kontakt\/\">https:\/\/trzydeby.eu\/kontakt\/<\/a>. <\/p>\n\n\n\n<p>Potwierdzenie mailowo, ze szczeg\u00f3\u0142ami postaram si\u0119 wys\u0142a\u0107 dzi\u015b lub jutro (troch\u0119 nas jest :-))<\/p>\n\n\n\n<p>W razie gdyby\u015bcie mieli pytania &#8211; prosz\u0119 piszcie na adres imprezy: <a href=\"mailto:bieg@skadbadz.eu\">bieg@skadbadz.eu<\/a> (mog\u0119 odpowiada\u0107 z op\u00f3\u017anieniemi)<\/p>\n\n\n\n<p>Tomasz<\/p>\n<\/blockquote>\n\n\n\n<p>10 sierpnia 2025<\/p>\n\n\n\n<blockquote class=\"wp-block-quote is-layout-flow wp-block-quote-is-layout-flow\">\n<p>Mamy potwierdzone wszystkie 30 par! Nie s\u0105dzi\u0142em, \u017ce informacje o naszym biegu si\u0119 tak rozejd\u0105 :-). Odbi\u00f3r pakiet\u00f3w startowych w Osadzie Le\u015bnej Trzy D\u0119by w pi\u0105tek 26 wrze\u015bnia. Namiary na Trzy D\u0119by znajdziecie na stronie <a href=\"https:\/\/trzydeby.eu\/kontakt\/\">https:\/\/trzydeby.eu\/kontakt\/<\/a>.<\/p>\n\n\n\n<p>W razie gdyby\u015bcie mieli pytania &#8211; prosz\u0119 piszcie na adres imprezy: <a href=\"mailto:bieg@skadbadz.eu\">bieg@skadbadz.eu<\/a><\/p>\n\n\n\n<p>Tomasz<\/p>\n<\/blockquote>\n\n\n\n<p>16 lipca 2025<\/p>\n\n\n\n<blockquote class=\"wp-block-quote is-layout-flow wp-block-quote-is-layout-flow\">\n<p>Mamy dat\u0119 &#8211; 27 wrze\u015bnia + jeszcze 12 miejsc dla par, kt\u00f3re nie do\u0142\u0105czy\u0142y z naszej ekipy biegaj\u0105cej Zielonka Challenge. Idea biegu to start w dowolnym miejscu i przebiegni\u0119cie przez Puszcz\u0119 Zielonk\u0119 dynstansu pomi\u0119dzy 5km a 20km. Wa\u017cna sprawa &#8211; z racji, \u017ce startujemu &#8220;Sk\u0105d b\u0105d\u017a&#8221; dla bezpiecze\u0144stwa musicie biec w parach. Je\u015bli macie par\u0119 kt\u00f3ra chce wzi\u0105\u0107 udzia\u0142 w biegu prosz\u0119 piszcie do mnie na adres: <a href=\"mailto:bieg@skadbadz.eu\">bieg@skadbadz.eu<\/a>. Uwaga &#8211; bieg jest organizowany przeze mnie &#8220;spo\u0142ecznie&#8221; &#8211; koszt 100 PLN dla pary pokrywa koszt numer\u00f3w startowych, nagrody uko\u0144czenia biegu na mecie, strony i naszego ogniska na mecie (w tym mamy napoje i jedzenie &#8211; to trzeba b\u0119dzie sobie ju\u017c samemu upiec po biegu \ud83d\ude09<\/p>\n\n\n\n<p>Tomasz<\/p>\n<\/blockquote>\n\n\n\n<p>15 czerwca 2025<\/p>\n\n\n\n<blockquote class=\"wp-block-quote is-layout-flow wp-block-quote-is-layout-flow\">\n<p>Pierwszy wpis na stronie biegu. Dzi\u0119ki wszystkim za motywacj\u0119 do organizacji. Ogromne podzi\u0119kowania dla Pani Wioletty z Trzech D\u0119b\u00f3w za udost\u0119pnienie nam Osady Trzy D\u0119by jako naszej mety i miejsca na ognisko. Ustalamy jeszcze termin naszego pierwszego biegu przez Puszcz\u0119 Zielonk\u0119. Dam zna\u0107 za jakich\u015b czas. <\/p>\n\n\n\n<p>Tomasz<\/p>\n<\/blockquote>\n\n\n\n<p><\/p>\n\n\n\n<p><\/p>\n","protected":false},"excerpt":{"rendered":"<p>17 wrze\u015bnia 2025 Mamy op\u0142acone wszystkie 30 par! Odbi\u00f3r pakiet\u00f3w startowych w Osadzie Le\u015bnej Trzy D\u0119by w pi\u0105tek 26 wrze\u015bnia 16:00 &#8211; 20:00. Namiary na Trzy D\u0119by znajdziecie na stronie https:\/\/trzydeby.eu\/kontakt\/. Potwierdzenie mailowo, ze szczeg\u00f3\u0142ami postaram si\u0119 wys\u0142a\u0107 dzi\u015b lub jutro (troch\u0119 nas jest :-)) W razie gdyby\u015bcie mieli pytania &#8211; prosz\u0119 piszcie na adres &#8230; <a title=\"Sk\u0105d B\u0105d\u017a!\" class=\"read-more\" href=\"https:\/\/skadbadz.eu\/\" aria-label=\"Read more about Sk\u0105d B\u0105d\u017a!\">Read more<\/a><\/p>\n","protected":false},"author":1,"featured_media":10,"parent":0,"menu_order":0,"comment_status":"closed","ping_status":"open","template":"","meta":{"footnotes":""},"class_list":["post-2","page","type-page","status-publish","has-post-thumbnail"],"_links":{"self":[{"href":"https:\/\/skadbadz.eu\/index.php?rest_route=\/wp\/v2\/pages\/2","targetHints":{"allow":["GET"]}}],"collection":[{"href":"https:\/\/skadbadz.eu\/index.php?rest_route=\/wp\/v2\/pages"}],"about":[{"href":"https:\/\/skadbadz.eu\/index.php?rest_route=\/wp\/v2\/types\/page"}],"author":[{"embeddable":true,"href":"https:\/\/skadbadz.eu\/index.php?rest_route=\/wp\/v2\/users\/1"}],"replies":[{"embeddable":true,"href":"https:\/\/skadbadz.eu\/index.php?rest_route=%2Fwp%2Fv2%2Fcomments&post=2"}],"version-history":[{"count":6,"href":"https:\/\/skadbadz.eu\/index.php?rest_route=\/wp\/v2\/pages\/2\/revisions"}],"predecessor-version":[{"id":23,"href":"https:\/\/skadbadz.eu\/index.php?rest_route=\/wp\/v2\/pages\/2\/revisions\/23"}],"wp:featuredmedia":[{"embeddable":true,"href":"https:\/\/skadbadz.eu\/index.php?rest_route=\/wp\/v2\/media\/10"}],"wp:attachment":[{"href":"https:\/\/skadbadz.eu\/index.php?rest_route=%2Fwp%2Fv2%2Fmedia&parent=2"}],"curies":[{"name":"wp","href":"https:\/\/api.w.org\/{rel}","templated":true}]}}